{"id":4515,"date":"2016-01-09T19:22:25","date_gmt":"2016-01-09T19:22:25","guid":{"rendered":"http:\/\/www.accademialingue.com\/lms\/?page_id=4515"},"modified":"2016-05-22T07:57:52","modified_gmt":"2016-05-22T05:57:52","slug":"livelli","status":"publish","type":"page","link":"https:\/\/www.accademialingue.com\/lms\/livelli\/","title":{"rendered":"Livelli"},"content":{"rendered":"<div id=\"pl-4515\"  class=\"panel-layout\" ><div id=\"pg-4515-0\"  class=\"panel-grid panel-no-style\" ><div id=\"pgc-4515-0-0\"  class=\"panel-grid-cell\" ><div id=\"panel-4515-0-0-0\" class=\"so-panel widget widget_sow-editor panel-first-child panel-last-child\" data-index=\"0\" ><div\n\t\t\t\n\t\t\tclass=\"so-widget-sow-editor so-widget-sow-editor-base\"\n\t\t\t\n\t\t>\n<div class=\"siteorigin-widget-tinymce textwidget\">\n\t<div id=\"ja-main\">\n<div>\n<div id=\"ja-contentwrap\">\n<div id=\"ja-content\">\n<div id=\"ja-current-content\">\n<div id=\"ja-content-main\">\n<div>\n<div>\n<h3>Il Quadro Comune Europeo di Riferimento per le lingue (QCERL)<\/h3>\n<div>\n<div>\n<p style=\"text-align: justify;\"><img loading=\"lazy\" decoding=\"async\" class=\"alignleft\" src=\"http:\/\/www.accademialingue.com\/lms\/wp-content\/uploads\/2015\/12\/europa2.jpg\" alt=\"europa2\" width=\"302\" height=\"134\" \/>Dal 2000 il Ministero dell'Istruzione, dell'Universit\u00e0 e della Ricerca (MIUR) ha in vigore un protocollo di intesa (Progetto Lingue 2000 - 883 del 12\/01\/2000) con i principali enti accreditati per il rilascio delle certificazioni delle competenze linguistiche riconosciute a livello internazionale; lo scopo \u00e8 quello di diffondere e promuovere il riconoscimento delle competenze linguistiche secondo standard internazionali indicati nel <strong>Quadro Comune Europeo di Riferimento per le Lingue<\/strong> (<strong>QCERL<\/strong>) a cura del Consiglio d\u2019Europa (in inglese: Common European Framework of Reference for Languages). Nel QCERL viene presentato un sistema di descrizione delle competenze linguistiche diviso in 3 ampie fascie di competenza (Livello Base, Livello Intermedio, Livello Avanzato) a loro volta suddivise in due livelli ciascuna per un totale di 6 Livelli di riferimento (<strong>A1, A2, B1, B2, C1, C2<\/strong>). E' importante sottolineare che le certificazioni rilasciate da esamidinglese.com non sono riconosciute dal MIUR; solo gli enti certificatori accreditati possono emettere certificazioni valide come crediti formativi (per l'elenco degli Enti Certificatori <strong><a href=\"http:\/\/hubmiur.pubblica.istruzione.it\/web\/istruzione\/dg-personale-scolastico\/enti-certificatori-lingue-straniere\" target=\"_blank\">CLICCA QUI<\/a><\/strong>). esamidinglese.com offre comunque la possibilit\u00e0 di prepararsi per affrontare gli esami degli Enti Certificatori dando cos\u00ec un supporto all'individuazione del proprio livello di conoscenze, capacit\u00e0 e competenze linguistiche. Ogni livello descrive le capacit\u00e0 di comprensione e produzione (scritte e orali) all'interno di un quadro di riferimento comunicativo.<\/p>\n<p>\u00a0<\/p>\n<\/div>\n<\/div>\n<h3>Rappresentazione globale dei tre livelli di riferimento:<\/h3>\n<h3><span style=\"color: #000080;\">Livello A - Elementare<\/span><\/h3>\n<h3>Livello di Contatto - A1<\/h3>\n<p style=\"text-align: justify;\">Comprende e usa espressioni di uso quotidiano e frasi basilari tese a soddisfare bisogni di tipo concreto. Sa presentare se stesso\/a e gli altri ed \u00e8 in grado di fare domande e rispondere su particolari personali come dove abita, le persone che conosce e le cose che possiede. Interagisce in modo semplice purch\u00e9 l\u2019altra persona parli lentamente e chiaramente e sia disposta a collaborare.<\/p>\n<h3>Livello di Sopravvivenza - A2<\/h3>\n<p style=\"text-align: justify;\">Comprende frasi ed espressioni usate frequentemente relative ad ambiti di immediata rilevanza (Es. informazioni personali e familiari di base, fare la spesa, la geografia locale, l\u2019occupazione). Comunica in attivit\u00e0 semplici e di routine che richiedono un semplice scambio di informazioni su argomenti familiari e comuni. Sa descrivere in termini semplici aspetti del suo background, dell\u2019ambiente circostante sa esprimere bisogni immediati.<\/p>\n<h3><span style=\"color: #000080;\">Livello B - Intermedio<\/span><\/h3>\n<h3>Livello Soglia - B1<\/h3>\n<p style=\"text-align: justify;\">Comprende i punti chiave di argomenti familiari che riguardano la scuola, il tempo libero ecc. Sa muoversi con disinvoltura in situazioni che possono verificarsi mentre viaggia nel paese in cui si parla la lingua. E\u2019 in grado di produrre un testo semplice relativo ad argomenti che siano familiari o di interesse personale. E\u2019 in grado di descrivere esperienze ed avvenimenti, sogni, speranze e ambizioni e spiegare brevemente le ragioni delle sue opinioni e dei suoi progetti.<\/p>\n<h3>Livello Progresso - B2<\/h3>\n<p style=\"text-align: justify;\">Comprende le idee principali di testi complessi su argomenti sia concreti che astratti, comprese le discussioni tecniche nel suo campo di specializzazione. E\u2019 in grado di interagire con una certa scioltezza e spontaneit\u00e0 che rendono possibile un\u2019interazione naturale con i parlanti nativi senza sforzo per l\u2019interlocutore. Sa produrre un testo chiaro e dettagliato su un\u2019ampia gamma di argomenti e spiegare un punto di vista su un argomento fornendo i pro e i contro delle varie opzioni.<\/p>\n<h3><span style=\"color: #000080;\">Livello C - Avanzato<\/span><\/h3>\n<h3>Livello dell'Efficacia - C1<\/h3>\n<p style=\"text-align: justify;\">Comprende un\u2019ampia gamma di testi complessi e lunghi e ne sa riconoscere il significato implicito. Si esprime con scioltezza e naturalezza. Usa la lingua in modo flessibile ed efficace per scopi sociali, professionali e accademici. Riesce a produrre testi chiari, ben costruiti, dettagliati su argomenti complessi, mostrando un sicuro controllo della struttura testuale, dei connettori e degli elementi di coesione.<\/p>\n<h3>Livello di Padronanza - C2<\/h3>\n<p style=\"text-align: justify;\">Comprende con facilit\u00e0 praticamente tutto ci\u00f2 che sente e legge. Sa riassumere informazioni provenienti da diverse fonti sia parlate che scritte, ristrutturando gli argomenti in una presentazione coerente. Sa esprimersi spontaneamente, in modo molto scorrevole e preciso, individuando le pi\u00f9 sottili sfumature di significato in situazioni complesse.<\/p>\n<p>(cfr. Quadro Europeo Cap. 8.4.3, Tabella 6.)<\/p>\n<\/div>\n<\/div>\n<\/div>\n<\/div>\n<\/div>\n<\/div>\n<\/div>\n<\/div>\n<\/div>\n<\/div><\/div><\/div><\/div><div id=\"pg-4515-1\"  class=\"panel-grid panel-has-style\" ><div class=\"siteorigin-panels-stretch panel-row-style panel-row-style-for-4515-1\" data-stretch-type=\"full\" ><div id=\"pgc-4515-1-0\"  class=\"panel-grid-cell\" ><div id=\"panel-4515-1-0-0\" class=\"so-panel widget widget_sow-image panel-first-child panel-last-child\" data-index=\"1\" ><div\n\t\t\t\n\t\t\tclass=\"so-widget-sow-image so-widget-sow-image-default-dbf295114b96-4515\"\n\t\t\t\n\t\t>\n<div class=\"sow-image-container\">\n\t\t<img loading=\"lazy\" decoding=\"async\" src=\"https:\/\/www.accademialingue.com\/lms\/wp-content\/uploads\/2016\/03\/loghi_2bn.jpg\" width=\"780\" height=\"88\" srcset=\"https:\/\/www.accademialingue.com\/lms\/wp-content\/uploads\/2016\/03\/loghi_2bn.jpg 780w, https:\/\/www.accademialingue.com\/lms\/wp-content\/uploads\/2016\/03\/loghi_2bn-300x34.jpg 300w\" sizes=\"auto, (max-width: 780px) 100vw, 780px\" alt=\"\" \t\tclass=\"so-widget-image\"\/>\n\t<\/div>\n\n<\/div><\/div><\/div><\/div><\/div><div id=\"pg-4515-2\"  class=\"panel-grid panel-has-style\" ><div class=\"siteorigin-panels-stretch panel-row-style panel-row-style-for-4515-2\" data-stretch-type=\"full\" ><div id=\"pgc-4515-2-0\"  class=\"panel-grid-cell\" ><div id=\"panel-4515-2-0-0\" class=\"so-panel widget widget_nav_menu panel-first-child panel-last-child\" data-index=\"2\" ><div class=\"menu-menu-1-container\"><ul id=\"menu-menu-1\" class=\"menu\"><li id=\"menu-item-4481\" class=\"menu-item menu-item-type-post_type menu-item-object-page menu-item-4481\"><a href=\"https:\/\/www.accademialingue.com\/lms\/condizione-duso-e-privacy\/\">Condizioni d&#8217;uso e Privacy<\/a><\/li>\n<li id=\"menu-item-4482\" class=\"menu-item menu-item-type-post_type menu-item-object-page menu-item-4482\"><a href=\"https:\/\/www.accademialingue.com\/lms\/faq-2\/\">FAQ<\/a><\/li>\n<\/ul><\/div><\/div><\/div><div id=\"pgc-4515-2-1\"  class=\"panel-grid-cell\" ><div id=\"panel-4515-2-1-0\" class=\"so-panel widget widget_sow-headline panel-first-child\" data-index=\"3\" ><div\n\t\t\t\n\t\t\tclass=\"so-widget-sow-headline so-widget-sow-headline-default-a2eb84d19fcc-4515\"\n\t\t\t\n\t\t><div class=\"sow-headline-container \">\n\t\t\t\t\t\t\t<h1 class=\"sow-headline\">\n\t\t\t\t\t\tCONNECT WITH US\t\t\t\t\t\t<\/h1>\n\t\t\t\t\t\t\t\t\t\t\t<div class=\"decoration\">\n\t\t\t\t\t\t<div class=\"decoration-inside\"><\/div>\n\t\t\t\t\t<\/div>\n\t\t\t\t\t<\/div>\n<\/div><\/div><div id=\"panel-4515-2-1-1\" class=\"so-panel widget widget_sow-social-media-buttons panel-last-child\" data-index=\"4\" ><div\n\t\t\t\n\t\t\tclass=\"so-widget-sow-social-media-buttons so-widget-sow-social-media-buttons-atom-1322f33af796-4515\"\n\t\t\t\n\t\t>\n\n<div class=\"social-media-button-container\">\n\t\n\t\t<a class=\"ow-button-hover sow-social-media-button-facebook-0 sow-social-media-button\" title=\"LMS on Facebook\" aria-label=\"LMS on Facebook\" target=\"_blank\" rel=\"noopener noreferrer\" href=\"https:\/\/www.facebook.com\/esamidinglese\" >\n\t\t\t<span>\n\t\t\t\t\t\t\t\t<span class=\"sow-icon-fontawesome sow-fab\" data-sow-icon=\"&#xf39e;\"\n\t\t \n\t\taria-hidden=\"true\"><\/span>\t\t\t\t\t\t\t<\/span>\n\t\t<\/a>\n\t\n\t\t<a class=\"ow-button-hover sow-social-media-button-google-0 sow-social-media-button\" title=\"LMS on Google\" aria-label=\"LMS on Google\" target=\"_blank\" rel=\"noopener noreferrer\" href=\"https:\/\/plus.google.com\/117621389662481905632\" >\n\t\t\t<span>\n\t\t\t\t\t\t\t\t<span class=\"sow-icon-fontawesome sow-fab\" data-sow-icon=\"&#xf1a0;\"\n\t\t \n\t\taria-hidden=\"true\"><\/span>\t\t\t\t\t\t\t<\/span>\n\t\t<\/a>\n\t\n\t\t<a class=\"ow-button-hover sow-social-media-button-youtube-0 sow-social-media-button\" title=\"LMS on Youtube\" aria-label=\"LMS on Youtube\" target=\"_blank\" rel=\"noopener noreferrer\" href=\"https:\/\/www.youtube.com\/user\/RaffaeleNardella\" >\n\t\t\t<span>\n\t\t\t\t\t\t\t\t<span class=\"sow-icon-fontawesome sow-fab\" data-sow-icon=\"&#xf167;\"\n\t\t \n\t\taria-hidden=\"true\"><\/span>\t\t\t\t\t\t\t<\/span>\n\t\t<\/a>\n\t<\/div>\n<\/div><\/div><\/div><div id=\"pgc-4515-2-2\"  class=\"panel-grid-cell\" ><div id=\"panel-4515-2-2-0\" class=\"so-panel widget widget_sow-button panel-first-child panel-last-child\" data-index=\"5\" ><div\n\t\t\t\n\t\t\tclass=\"so-widget-sow-button so-widget-sow-button-atom-e5e7b873f2cb-4515\"\n\t\t\t\n\t\t><div class=\"ow-button-base ow-button-align-right\">\n\t\t\t<a\n\t\t\t\t\thref=\"\/lms\/contatti\/\"\n\t\t\t\t\tclass=\"sowb-button ow-icon-placement-left ow-button-hover\" \t>\n\t\t<span>\n\t\t\t<span class=\"sow-icon-fontawesome sow-fas\" data-sow-icon=\"&#xf0e0;\"\n\t\tstyle=\"\" \n\t\taria-hidden=\"true\"><\/span>\n\t\t\tContattaci\t\t<\/span>\n\t\t\t<\/a>\n\t<\/div>\n<\/div><\/div><\/div><\/div><\/div><\/div>","protected":false},"excerpt":{"rendered":"<p>Il Quadro Comune Europeo di Riferimento per le lingue (QCERL)Dal 2000 il Ministero dell&#8217;Istruzione, dell&#8217;Universit\u00e0 e della Ricerca (MIUR) ha in vigore un protocollo di intesa (Progetto Lingue 2000 &#8211; 883 del 12\/01\/2000) con i principali enti accreditati per il rilascio delle certificazioni delle competenze linguistiche riconosciute a livello internazionale; lo scopo \u00e8 quello di [&hellip;]<\/p>\n","protected":false},"author":1,"featured_media":0,"parent":0,"menu_order":0,"comment_status":"closed","ping_status":"closed","template":"","meta":{"footnotes":""},"class_list":["post-4515","page","type-page","status-publish","hentry"],"_links":{"self":[{"href":"https:\/\/www.accademialingue.com\/lms\/wp-json\/wp\/v2\/pages\/4515","targetHints":{"allow":["GET"]}}],"collection":[{"href":"https:\/\/www.accademialingue.com\/lms\/wp-json\/wp\/v2\/pages"}],"about":[{"href":"https:\/\/www.accademialingue.com\/lms\/wp-json\/wp\/v2\/types\/page"}],"author":[{"embeddable":true,"href":"https:\/\/www.accademialingue.com\/lms\/wp-json\/wp\/v2\/users\/1"}],"replies":[{"embeddable":true,"href":"https:\/\/www.accademialingue.com\/lms\/wp-json\/wp\/v2\/comments?post=4515"}],"version-history":[{"count":0,"href":"https:\/\/www.accademialingue.com\/lms\/wp-json\/wp\/v2\/pages\/4515\/revisions"}],"wp:attachment":[{"href":"https:\/\/www.accademialingue.com\/lms\/wp-json\/wp\/v2\/media?parent=4515"}],"curies":[{"name":"wp","href":"https:\/\/api.w.org\/{rel}","templated":true}]}}