{"id":616,"date":"2014-08-11T16:04:07","date_gmt":"2014-08-11T16:04:07","guid":{"rendered":"http:\/\/hangar66.info\/~acadus\/?page_id=616"},"modified":"2016-03-09T21:50:13","modified_gmt":"2016-03-09T21:50:13","slug":"faq-2","status":"publish","type":"page","link":"https:\/\/www.accademialingue.com\/lms\/faq-2\/","title":{"rendered":"FAQ"},"content":{"rendered":"<p><a href=\"http:\/\/www.accademialingue.com\/lms\/wp-content\/uploads\/2014\/08\/questions.jpg\"><img loading=\"lazy\" decoding=\"async\" width=\"809\" height=\"120\" class=\"aligncenter size-full wp-image-689\" src=\"http:\/\/www.accademialingue.com\/lms\/wp-content\/uploads\/2014\/08\/questions.jpg\" alt=\"questions\" srcset=\"https:\/\/www.accademialingue.com\/lms\/wp-content\/uploads\/2014\/08\/questions.jpg 809w, https:\/\/www.accademialingue.com\/lms\/wp-content\/uploads\/2014\/08\/questions-300x44.jpg 300w, https:\/\/www.accademialingue.com\/lms\/wp-content\/uploads\/2014\/08\/questions-600x89.jpg 600w\" sizes=\"auto, (max-width: 809px) 100vw, 809px\" \/><\/a><\/p>\n<p><span style=\"font-size: 14pt; color: #73b528;\"><strong>Durante il periodo di tempo acquistato, posso accedere a qualunque programma?<\/strong><\/span><\/p>\n<p>Si. L&#8217;accesso \u00e8 libero ai programmi di certificazione per tutti i livelli dall&#8217;A1 al C2.<\/p>\n<p>&nbsp;<\/p>\n<p><span style=\"font-size: 14pt; color: #73b528;\"><strong>Cosa succede se mi accorgo di aver scelto il programma sbagliato?<br \/>\n<\/strong><\/span><\/p>\n<p>Nessun problema. E&#8217; sempre possibile abbandonare un programma iniziato e sceglierne uno di livello inferiore o superiore.<\/p>\n<p>&nbsp;<\/p>\n<p><span style=\"font-size: 14pt; color: #73b528;\"><strong>Posso conseguire pi\u00f9 certificati per livelli diversi con la stessa iscrizione?<br \/>\n<\/strong><\/span><\/p>\n<p>Si. L&#8217;unico limite resta il periodo di tempo acquistato (1 mese, 3 mesi o 6 mesi) entro il quale bisogner\u00e0 completare tutte le attivit\u00e0 previste per il\u00a0livello scelto.<\/p>\n<p>&nbsp;<\/p>\n<p><span style=\"font-size: 14pt; color: #73b528;\"><strong>Come si possono svolgere i programmi?<\/strong><\/span><\/p>\n<p>I programmi e le esercitazioni presenti in Esamidinglese.com sono usufruibili online da qualsiasi postazione collegata ad Internet, dotata di strumentazione per l&#8217;ascolto degli audio e dei video (casse acustiche, auricolari)<\/p>\n<p>&nbsp;<\/p>\n<p><span style=\"font-size: 14pt; color: #73b528;\"><strong>Che vantaggi si hanno ottenendo un attestato da esamidinglese.com?<\/strong><\/span><br \/>\nEsamidinglese.com offre la possibilit\u00e0 di prepararsi per affrontare gli esami degli Enti Certificatori (Cambridge Esol, Trinity, City&amp;Guilds, ecc.) riconosciuti dal Ministero dell\u2019Istruzione, Universit\u00e0 e Ricerca, dando cos\u00ec un supporto all&#8217;individuazione del proprio livello di conoscenze, capacit\u00e0 e competenze linguistiche.<\/p>\n<p>&nbsp;<\/p>\n<p><span style=\"color: #73b528;\"><strong><span style=\"font-size: 14pt;\">Gli attestati di esamidinglese.com sono riconosciuti dal MIUR (Ministero dell&#8217;Istruzione dell&#8217;Universit\u00e0 e della Ricerca)?<\/span><\/strong><\/span><br \/>\nNo. Soltanto gli attestati rilasciati degli Enti Certificatori sono riconosciuti per l&#8217;ottenimento dei crediti scolastici e universitari (per l&#8217;elenco degli Enti vedere la <strong><a href=\"http:\/\/www.accademialingue.com\/lms\/livelli\/\">pagina del sito<\/a> <\/strong>dedicata)<\/p>\n<p>&nbsp;<\/p>\n<p><span style=\"font-size: 14pt; color: #73b528;\"><strong>Come si ricevono gli attestati?<\/strong><\/span><br \/>\nDopo aver superato il test finale sar\u00e0 possibile scaricare il certificato sotto forma di immagine con estensione .png.<\/p>\n<p>&nbsp;<\/p>\n<p><span style=\"color: #73b528;\"><strong><span style=\"font-size: 14pt;\">Quali sono i requisiti minimi per poter usufruire del corso senza problemi?<\/span><\/strong><\/span><br \/>\nIl sito esamidinglese.com \u00e8 visitabile in modo ottimale con un browser Microsoft\u00ae Edge, Safari\u00ae 8.0, Firefox\u00ae 45, Google Chrome 49 oppure un browser con caratteristiche analoghe o superiori. Requisito minimo per la navigazione \u00e8 l\u2019uso di un browser Microsoft\u00ae Internet Explorer 3.0, Safari\u00ae 3.0 e Firefox\u00ae 3.0 o un browser con caratteristiche analoghe; a queste condizioni le pagine Web potrebbero presentare lievi differenze grafiche rispetto alla visualizzazione ottimale, pur restando garantita la corretta leggibilit\u00e0 e navigabilit\u00e0 delle stesse. Si consiglia l&#8217;uso di un collegamento a banda larga (ADSL)<\/p>\n<p>&nbsp;<\/p>\n<p><span style=\"font-size: 14pt; color: #73b528;\"><strong>Qual \u00e8 la visualizzazione ottimale?<\/strong><\/span><br \/>\nLa visualizzazione ottimale \u00e8 1280&#215;1024 pixel, quella minima 1024&#215;768 pixel.<\/p>\n<p>&nbsp;<\/p>\n<p><span style=\"color: #73b528;\"><strong><span style=\"font-size: 14pt;\">Cosa succede se non completo il programma entro il periodo di accesso consentito alla piattaforma?<\/span><\/strong><\/span><br \/>\nSar\u00e0 sempre possibile poter riaccedere al programma tramite una nuova iscrizione inviando una richiesta a repartotecnico@esamidinglese.com.<\/p>\n<p>&nbsp;<\/p>\n<p><span style=\"font-size: 14pt; color: #73b528;\"><strong>E\u2019 possibile iscriversi a due o pi\u00f9 programmi contemporaneamente?<\/strong><\/span><br \/>\nS\u00ec, \u00e8 possibile poter accedere a tutte le risorse della piattaforma nei tempi consentiti.<\/p>\n<p>&nbsp;<\/p>\n<p><span style=\"color: #73b528;\"><strong><span style=\"font-size: 14pt;\">Mentre svolgevo un quesito mi \u00e8 comparso il seguente messaggio di errore: &#8220;There was a problem with the server request&#8221;. Cosa devo fare?<\/span><\/strong><\/span><br \/>\nPu\u00f2 capitare talvolta che, per problemi legati alla connessione del proprio server, la piattaforma non riesca ad andare avanti nel processo di tracciamento; in questo caso si consiglia di aggiornare la pagina, oppure uscire dalla pagina del quesito, cliccando su un&#8217;altra risorsa dell&#8217;unit\u00e0, e rientrarvi subito dopo.<\/p>\n","protected":false},"excerpt":{"rendered":"<p>Durante il periodo di tempo acquistato, posso accedere a qualunque programma? Si. L&#8217;accesso \u00e8 libero ai programmi di certificazione per tutti i livelli dall&#8217;A1 al C2. &nbsp; Cosa succede se mi accorgo di aver scelto il programma sbagliato? Nessun problema. E&#8217; sempre possibile abbandonare un programma iniziato e sceglierne uno di livello inferiore o superiore. [&hellip;]<\/p>\n","protected":false},"author":1,"featured_media":0,"parent":0,"menu_order":0,"comment_status":"closed","ping_status":"closed","template":"page_fullwidth.php","meta":{"footnotes":""},"class_list":["post-616","page","type-page","status-publish","hentry"],"_links":{"self":[{"href":"https:\/\/www.accademialingue.com\/lms\/wp-json\/wp\/v2\/pages\/616","targetHints":{"allow":["GET"]}}],"collection":[{"href":"https:\/\/www.accademialingue.com\/lms\/wp-json\/wp\/v2\/pages"}],"about":[{"href":"https:\/\/www.accademialingue.com\/lms\/wp-json\/wp\/v2\/types\/page"}],"author":[{"embeddable":true,"href":"https:\/\/www.accademialingue.com\/lms\/wp-json\/wp\/v2\/users\/1"}],"replies":[{"embeddable":true,"href":"https:\/\/www.accademialingue.com\/lms\/wp-json\/wp\/v2\/comments?post=616"}],"version-history":[{"count":0,"href":"https:\/\/www.accademialingue.com\/lms\/wp-json\/wp\/v2\/pages\/616\/revisions"}],"wp:attachment":[{"href":"https:\/\/www.accademialingue.com\/lms\/wp-json\/wp\/v2\/media?parent=616"}],"curies":[{"name":"wp","href":"https:\/\/api.w.org\/{rel}","templated":true}]}}