{"id":618,"date":"2014-08-11T16:06:46","date_gmt":"2014-08-11T16:06:46","guid":{"rendered":"http:\/\/hangar66.info\/~acadus\/?page_id=618"},"modified":"2016-05-11T17:56:48","modified_gmt":"2016-05-11T15:56:48","slug":"condizione-duso-e-privacy","status":"publish","type":"page","link":"https:\/\/www.accademialingue.com\/lms\/condizione-duso-e-privacy\/","title":{"rendered":"Condizioni d&rsquo;uso e Privacy"},"content":{"rendered":"<p style=\"text-align: justify;\">CONDIZIONI D&#8217;USO E POLICY PER LA PRIVACY E LA SICUREZZA<br \/>\nLe norme qui riportate costituiscono le condizioni di contratto tra lei ed Esamidinglese.com relativamente all&#8217;utilizzo del sito e dei programmi a pagamento.<\/p>\n<p style=\"text-align: justify;\">1. Accettazione delle condizioni<br \/>\nSe utilizza le informazioni, i prodotti, i servizi e le funzionalit\u00e0 di Esamidinglese.com o lei accetta di rispettare questo Accordo.<br \/>\nSe usa il sito, lei \u00e8 vincolato alle Condizioni d&#8217;uso come dal presente accordo.<br \/>\nDIRITTO DI RECESSO<br \/>\nSi puo&#8217; recedere dal presente accordo senza penalit\u00e0, inviando ad Esamidinglese.com C\/O Accademia Lingue Viale Masia, 26 &#8211; 22100 Como &#8211; una lettera raccomandata a\/r entro dieci giorni lavorativi dalla data di acquisto del programma.<\/p>\n<p style=\"text-align: justify;\">2. Policy per la Privacy e la Sicurezza<br \/>\nQualsiasi tipo di informazione su di lei raccolta da Esamidinglese.com attraverso, o in collegamento con, il sito \u00e8 soggetto alla nostra <strong><a href=\"http:\/\/www.accademialingue.com\/lms\/informativa-sulla-privacy\/\">Policy sulla Privacy e sulla Sicurezza<\/a><\/strong>.<\/p>\n<p style=\"text-align: justify;\">3. Fornitura di servizi<br \/>\nEsamidinglese.com si riserva il diritto di modificare, ampliare e migliorare il sito e i Servizi. Potremmo anche, in qualsiasi momento, cessare per continuare a gestire parte o tutto dei Servizi o disattivare selettivamente alcune funzionalit\u00e0 dei Servizi o parti del sito. Qualsiasi modifica o rimozione dei Servizi sar\u00e0 effettuata a nostra insindacabile discrezione e senza obbligo a procedere o responsabilit\u00e0 nei suoi confronti.<\/p>\n<p style=\"text-align: justify;\">4. Diritti dell&#8217;utente<br \/>\nEsamidinglese.com le offre un diritto non trasferibile, non esclusivo e limitato di accesso, uso e visualizzazione di questo sito, offerto in conformit\u00e0 a questo Accordo come stabilito per intero. I materiali di questo sito le sono offerti esclusivamente per il suo utilizzo privato e non a scopo di lucro.<\/p>\n<p style=\"text-align: justify;\">Scegliendo di acquistare un corso o di registrarsi al sito Esamidinglese.com, lei accetta di essere vincolato ai termini e alle condizioni d&#8217;uso qui indicate.<\/p>\n<p style=\"text-align: justify;\">5. Uso del servizio<br \/>\nIl suo diritto di accedere e di utilizzare Esamidinglese.com \u00e8 personale e non trasferibile ad altre persone o entit\u00e0. Lei \u00e8 l&#8217;unico autorizzato ad accedere e utilizzare Esamidinglese.com.Lei \u00e8 responsabile della protezione del suo profilo, del suo username e della sua password. Lei accetta di avvisare Esamidinglese.com di qualsiasi utilizzo non autorizzato del suo profilo.<\/p>\n<p style=\"text-align: justify;\">A nostra insindacabile e assoluta discrezione, noi potremmo disattivare il suo profilo o modificare o rimuovere qualsiasi username associato al suo profilo, per qualsiasi motivo (inclusi i motivi relativi all&#8217;uso illegale o non autorizzato).<\/p>\n<p style=\"text-align: justify;\">Il suo accesso e uso di Esamidinglese.com potrebbe essere interrotto per qualsiasi ragione, inclusi, senza limiti, il malfunzionamento dell&#8217;attrezzatura, l&#8217;aggiornamento periodico, il mantenimento o la riparazione di Esamidinglese.com o altre attivit\u00e0 che Esamidinglese.com, a sua insindacabile discrezione, decide di fare. Esamidinglese.com non \u00e8 responsabile di qualsiasi perdita di contenuti risultante dall&#8217;interruzione del servizio.<\/p>\n<p style=\"text-align: justify;\">Il Certificato Finale \u00e8 emesso da AL Accademia Lingue come supporto all&#8217;individuazione del proprio livello di conoscenze, capacit\u00e0 e competenze linguistiche.<br \/>\nSottoscrivendo il presente accordo l&#8217;utente dichiara di essere consapevole che tale certificazione NON \u00e8 emessa da un ente certificatore accreditato presso il MIUR \u00e8 che pertanto tale certificazione NON pu\u00f2 essere utilizzata ai fini dell&#8217;otteninemento dei creditdi formativi presso istituzioni educative pubbliche o private.<\/p>\n<p style=\"text-align: justify;\">6. Diritti di propriet\u00e0 intellettuale<br \/>\nTutti i materiali di Esamidinglese.com.com, inclusi contenuti, testi, immagini, software, file audio e video, documentazioni, e tutto il Sito Web sono e restano sempre propriet\u00e0 esclusiva di Esamidinglese.com o dei suoi fornitori. Tutti i suddetti materiali sono protetti dalle leggi internazionali per la tutela dei diritti di autore, dei marchi registrati e di altre leggi sulla propriet\u00e0 dei beni intellettuali. Pertanto non \u00e8 consentito inviare, distribuire, autorizzare, tradurre o riprodurre in alcun modo materiali coperti da copyright, marchi o altre informazioni di propriet\u00e0 di Esamidinglese.com, senza il preventivo consenso scritto di Esamidinglese.com.<\/p>\n<p style=\"text-align: justify;\">7. Accesso e intromissione<br \/>\nLei accetta di non:<br \/>\n\u2022 utilizzare qualsiasi tecnologia di raccolta automatica di dati o estrazione automatica di risorse, programmi, algoritmi o metodi per accedere, acquisire, copiare o controllare Esamidinglese.com o qualsiasi porzione di Esamidinglese.com, senza il consenso esplicito scritto di Esamidinglese.com, e che comunque potrebbe bloccare in qualsiasi momento a discrezione insindacabile di Esamidinglese.com;<br \/>\n\u2022 pubblicare o trasmettere qualsiasi file che contenga virus, trojan o qualsiasi altro oggetto infettivo o distruttivo o che impedisca il buon funzionamento di Esamidinglese.com; oppure<br \/>\n\u2022 provare a decifrare, estrarre, smontare o rovinare qualsiasi compressione di software o qualsiasi altra modalit\u00e0 che metta assieme parti di Esamidinglese.com.<\/p>\n<p style=\"text-align: justify;\">8. Quote e pagamenti<br \/>\nPer potere accedere ad alcune funzionalit\u00e0 del sito e dei servizi, le sar\u00e0 chiesto di registrarsi e di creare un profilo Esamidinglese.com. Le informazioni raccolte attraverso la registrazione e le informazioni relative al suo profilo saranno soggette a queste Condizioni, come anche alla nostra <strong><a href=\"http:\/\/www.accademialingue.com\/lms\/informativa-sulla-privacy\/\">Policy sulla Privacy e sulla Sicurezza<\/a><\/strong>. Lei ci assicura che non creer\u00e0 un profilo di altre persone senza il loro consenso; che tutte le informazioni fornite da lei, al momento della creazione del suo profilo, sono vere, precise e complete, e che lei si curer\u00e0 di mantenerle tali per tutto il tempo in cui lei rimarr\u00e0 registrato nel sito.<\/p>\n<p style=\"text-align: justify;\">Alcuni materiali e funzionalit\u00e0 del sito Esamidinglese.com sono disponibili soltanto tramite l&#8217;acquisto di un Programma Esamidinglese.com. Esamidinglese.com non \u00e8 responsabile di qualsiasi addebito associato alla connessione alla rete Internet che lei utilizza per accedere al sito.<\/p>\n<p style=\"text-align: justify;\">Modalit\u00e0 di pagamento<br \/>\nLe tariffe di Esamidinglese.com sono comprensive di IVA.<\/p>\n<p style=\"text-align: justify;\">Esamidinglese.com garantisce che qualsiasi transazione con carta di credito che lei far\u00e0 sul sito di Esamidinglese.com \u00e8 assolutamente sicura.<\/p>\n<p style=\"text-align: justify;\">Pagamenti con carta di credito<br \/>\nPotete acquistare i nostri prodotti con la vostra CARTA DI CREDITO attraverso il sitema: PayPal.<br \/>\nPayPal \u00e8 leader mondiale dei pagamenti on-line. Offre la possibilit\u00e0 di pagare con le Carte di Credito dei circuiti VISA, VISA ELECTRON, POSTEPAY e MASTERCARD in assoluta sicurezza e senza costi aggiuntivi per l&#8217;acquirente. Per maggiori informazioni visitate il sito www.paypal.it.<\/p>\n<p style=\"text-align: justify;\">Accesso tramite COUPON<br \/>\nI titolari di un Coupon valido associato a accordi particolari di vendita o offerte speciali potranno accedere ai programmi con tariffe agevolate o, se previsto dall&#8217;offerta, senza effettuare il pagamento.<\/p>\n<p style=\"text-align: justify;\">9. Risarcimento<br \/>\nLei accetta di risarcire, proteggere e mantenere indenne Esamidinglese.com e i suoi collaboratori, affiliati, fornitori e impiegati, relativamente a ogni responsabilit\u00e0, reclamo, costi o danni derivati dal suo utilizzo del sito o dal mancato rispetto da parte sua degli obblighi qui indicati.<\/p>\n<p style=\"text-align: justify;\">10. Varie<br \/>\nSe qualche parte di questo Accordo \u00e8 ritenuta illegale, nulla o inapplicabile da qualche giudice o corte di giurisdizione competente, non sar\u00e0 da considerarsi illegale, nullo o inapplicabile tutto questo Accordo, ma soltanto la parte illegale, nulla o inapplicabile di questo Accordo sar\u00e0 eliminata da questo Accordo.<\/p>\n<p style=\"text-align: justify;\">Lei accetta che, se Esamidinglese.com non eserciter\u00e0 o applicher\u00e0 nessun diritto o ricorso legale contenuto nell&#8217;Accordo (o beneficio per Esamidinglese.com di qualsiasi legge applicabile), questo non sar\u00e0 preso come deroga dei diritti di Esamidinglese.com e che questi diritti o ricorsi saranno comunque ancora disponibili per Esamidinglese.com.<\/p>\n<p style=\"text-align: justify;\">Tutti i contratti, gli accordi, le rappresentanze e le garanzie prese in questo Accordo dureranno oltre la scadenza della sua accettazione di questo Accordo e l&#8217;eventuale rescissione dell&#8217;Accordo stesso.<\/p>\n<p style=\"text-align: justify;\">Questo Accordo rappresenta la comprensione e l&#8217;accettazione totale tra lei ed Esamidinglese.com riguardante il soggetto dello stesso e sostituisce tutti gli accordi precedenti.<\/p>\n","protected":false},"excerpt":{"rendered":"<p>CONDIZIONI D&#8217;USO E POLICY PER LA PRIVACY E LA SICUREZZA Le norme qui riportate costituiscono le condizioni di contratto tra lei ed Esamidinglese.com relativamente all&#8217;utilizzo del sito e dei programmi a pagamento. 1. Accettazione delle condizioni Se utilizza le informazioni, i prodotti, i servizi e le funzionalit\u00e0 di Esamidinglese.com o lei accetta di rispettare questo [&hellip;]<\/p>\n","protected":false},"author":1,"featured_media":0,"parent":0,"menu_order":0,"comment_status":"closed","ping_status":"closed","template":"","meta":{"footnotes":""},"class_list":["post-618","page","type-page","status-publish","hentry"],"_links":{"self":[{"href":"https:\/\/www.accademialingue.com\/lms\/wp-json\/wp\/v2\/pages\/618","targetHints":{"allow":["GET"]}}],"collection":[{"href":"https:\/\/www.accademialingue.com\/lms\/wp-json\/wp\/v2\/pages"}],"about":[{"href":"https:\/\/www.accademialingue.com\/lms\/wp-json\/wp\/v2\/types\/page"}],"author":[{"embeddable":true,"href":"https:\/\/www.accademialingue.com\/lms\/wp-json\/wp\/v2\/users\/1"}],"replies":[{"embeddable":true,"href":"https:\/\/www.accademialingue.com\/lms\/wp-json\/wp\/v2\/comments?post=618"}],"version-history":[{"count":0,"href":"https:\/\/www.accademialingue.com\/lms\/wp-json\/wp\/v2\/pages\/618\/revisions"}],"wp:attachment":[{"href":"https:\/\/www.accademialingue.com\/lms\/wp-json\/wp\/v2\/media?parent=618"}],"curies":[{"name":"wp","href":"https:\/\/api.w.org\/{rel}","templated":true}]}}